{"id":16153,"date":"2022-11-24T15:03:43","date_gmt":"2022-11-24T14:03:43","guid":{"rendered":"https:\/\/herbapol.poznan.pl\/produkt\/alliofil\/"},"modified":"2025-10-08T15:00:24","modified_gmt":"2025-10-08T13:00:24","slug":"alliofil","status":"publish","type":"product","link":"https:\/\/herbapol.poznan.pl\/ru\/\u043f\u0440\u043e\u0434\u0443\u043a\u0442\/alliofil\/","title":{"rendered":"Alliofil\u00ae"},"content":{"rendered":"","protected":false},"excerpt":{"rendered":"<p>\u041f\u0440\u0435\u043f\u0430\u0440\u0430\u0442 \u043d\u0430 \u043e\u0441\u043d\u043e\u0432\u0435 \u0447\u0435\u0441\u043d\u043e\u043a\u0430 \u0438\u0441\u043f\u043e\u043b\u044c\u0437\u0443\u0435\u0442\u0441\u044f \u043a\u0430\u043a \u043f\u0440\u043e\u0444\u0438\u043b\u0430\u043a\u0442\u0438\u0447\u0435\u0441\u043a\u043e\u0435 \u0438 \u043f\u043e\u0434\u0434\u0435\u0440\u0436\u0438\u0432\u0430\u044e\u0449\u0435\u0435 \u0441\u0440\u0435\u0434\u0441\u0442\u0432\u043e \u043f\u0440\u0438 \u043f\u0440\u043e\u0441\u0442\u0443\u0434\u0435 \u0438 \u0438\u043d\u0444\u0435\u043a\u0446\u0438\u044f\u0445 \u0432\u0435\u0440\u0445\u043d\u0438\u0445 \u0434\u044b\u0445\u0430\u0442\u0435\u043b\u044c\u043d\u044b\u0445 \u043f\u0443\u0442\u0435\u0439.<\/p>\n","protected":false},"featured_media":6141,"comment_status":"open","ping_status":"closed","template":"","meta":[],"product_brand":[],"product_cat":[180,337,173],"product_tag":[208],"class_list":{"0":"post-16153","1":"product","2":"type-product","3":"status-publish","4":"has-post-thumbnail","6":"product_cat-180","7":"product_cat-337","8":"product_cat---otc","9":"product_tag-208","11":"first","12":"instock","13":"shipping-taxable","14":"product-type-simple"},"yoast_head":"<!-- This site is optimized with the Yoast SEO plugin v27.3 - https:\/\/yoast.com\/product\/yoast-seo-wordpress\/ -->\n<title>Alliofil\u00ae - Herbapol Pozna\u0144<\/title>\n<meta name=\"robots\" content=\"index, follow, max-snippet:-1, max-image-preview:large, max-video-preview:-1\" \/>\n<link rel=\"canonical\" href=\"https:\/\/herbapol.poznan.pl\/ru\/\u043f\u0440\u043e\u0434\u0443\u043a\u0442\/alliofil\/\" \/>\n<meta property=\"og:locale\" content=\"ru_RU\" \/>\n<meta property=\"og:type\" content=\"article\" \/>\n<meta property=\"og:title\" content=\"Alliofil\u00ae - Herbapol Pozna\u0144\" \/>\n<meta property=\"og:description\" content=\"\u041f\u0440\u0435\u043f\u0430\u0440\u0430\u0442 \u043d\u0430 \u043e\u0441\u043d\u043e\u0432\u0435 \u0447\u0435\u0441\u043d\u043e\u043a\u0430 \u0438\u0441\u043f\u043e\u043b\u044c\u0437\u0443\u0435\u0442\u0441\u044f \u043a\u0430\u043a \u043f\u0440\u043e\u0444\u0438\u043b\u0430\u043a\u0442\u0438\u0447\u0435\u0441\u043a\u043e\u0435 \u0438 \u043f\u043e\u0434\u0434\u0435\u0440\u0436\u0438\u0432\u0430\u044e\u0449\u0435\u0435 \u0441\u0440\u0435\u0434\u0441\u0442\u0432\u043e \u043f\u0440\u0438 \u043f\u0440\u043e\u0441\u0442\u0443\u0434\u0435 \u0438 \u0438\u043d\u0444\u0435\u043a\u0446\u0438\u044f\u0445 \u0432\u0435\u0440\u0445\u043d\u0438\u0445 \u0434\u044b\u0445\u0430\u0442\u0435\u043b\u044c\u043d\u044b\u0445 \u043f\u0443\u0442\u0435\u0439.\" \/>\n<meta property=\"og:url\" content=\"https:\/\/herbapol.poznan.pl\/ru\/\u043f\u0440\u043e\u0434\u0443\u043a\u0442\/alliofil\/\" \/>\n<meta property=\"og:site_name\" content=\"Herbapol Pozna\u0144\" \/>\n<meta property=\"article:modified_time\" content=\"2025-10-08T13:00:24+00:00\" \/>\n<meta property=\"og:image\" content=\"https:\/\/herbapol.poznan.pl\/wp-content\/uploads\/2022\/11\/alliofil-555x430-e22.jpg\" \/>\n\t<meta property=\"og:image:width\" content=\"555\" \/>\n\t<meta property=\"og:image:height\" content=\"430\" \/>\n\t<meta property=\"og:image:type\" content=\"image\/jpeg\" \/>\n<meta name=\"twitter:card\" content=\"summary_large_image\" \/>\n<script type=\"application\/ld+json\" class=\"yoast-schema-graph\">{\"@context\":\"https:\\\/\\\/schema.org\",\"@graph\":[{\"@type\":\"WebPage\",\"@id\":\"https:\\\/\\\/herbapol.poznan.pl\\\/ru\\\/\u043f\u0440\u043e\u0434\u0443\u043a\u0442\\\/alliofil\\\/\",\"url\":\"https:\\\/\\\/herbapol.poznan.pl\\\/ru\\\/\u043f\u0440\u043e\u0434\u0443\u043a\u0442\\\/alliofil\\\/\",\"name\":\"Alliofil\u00ae - Herbapol Pozna\u0144\",\"isPartOf\":{\"@id\":\"https:\\\/\\\/herbapol.poznan.pl\\\/#website\"},\"primaryImageOfPage\":{\"@id\":\"https:\\\/\\\/herbapol.poznan.pl\\\/ru\\\/\u043f\u0440\u043e\u0434\u0443\u043a\u0442\\\/alliofil\\\/#primaryimage\"},\"image\":{\"@id\":\"https:\\\/\\\/herbapol.poznan.pl\\\/ru\\\/\u043f\u0440\u043e\u0434\u0443\u043a\u0442\\\/alliofil\\\/#primaryimage\"},\"thumbnailUrl\":\"https:\\\/\\\/herbapol.poznan.pl\\\/wp-content\\\/uploads\\\/2022\\\/11\\\/alliofil-555x430-e22.jpg\",\"datePublished\":\"2022-11-24T14:03:43+00:00\",\"dateModified\":\"2025-10-08T13:00:24+00:00\",\"breadcrumb\":{\"@id\":\"https:\\\/\\\/herbapol.poznan.pl\\\/ru\\\/\u043f\u0440\u043e\u0434\u0443\u043a\u0442\\\/alliofil\\\/#breadcrumb\"},\"inLanguage\":\"ru-RU\",\"potentialAction\":[{\"@type\":\"ReadAction\",\"target\":[\"https:\\\/\\\/herbapol.poznan.pl\\\/ru\\\/\u043f\u0440\u043e\u0434\u0443\u043a\u0442\\\/alliofil\\\/\"]}]},{\"@type\":\"ImageObject\",\"inLanguage\":\"ru-RU\",\"@id\":\"https:\\\/\\\/herbapol.poznan.pl\\\/ru\\\/\u043f\u0440\u043e\u0434\u0443\u043a\u0442\\\/alliofil\\\/#primaryimage\",\"url\":\"https:\\\/\\\/herbapol.poznan.pl\\\/wp-content\\\/uploads\\\/2022\\\/11\\\/alliofil-555x430-e22.jpg\",\"contentUrl\":\"https:\\\/\\\/herbapol.poznan.pl\\\/wp-content\\\/uploads\\\/2022\\\/11\\\/alliofil-555x430-e22.jpg\",\"width\":555,\"height\":430,\"caption\":\"alliofil tabletka dojelitowa\"},{\"@type\":\"BreadcrumbList\",\"@id\":\"https:\\\/\\\/herbapol.poznan.pl\\\/ru\\\/\u043f\u0440\u043e\u0434\u0443\u043a\u0442\\\/alliofil\\\/#breadcrumb\",\"itemListElement\":[{\"@type\":\"ListItem\",\"position\":1,\"name\":\"Strona g\u0142\u00f3wna\",\"item\":\"https:\\\/\\\/herbapol.poznan.pl\\\/ru\\\/\"},{\"@type\":\"ListItem\",\"position\":2,\"name\":\"\u041f\u0440\u043e\u0434\u0443\u043a\u0446\u0438\u044f\",\"item\":\"https:\\\/\\\/herbapol.poznan.pl\\\/%d0%bf%d1%80%d0%be%d0%b4%d1%83%d0%ba%d1%86%d0%b8%d1%8f\\\/?lang=ru\"},{\"@type\":\"ListItem\",\"position\":3,\"name\":\"\u041b\u0435\u043a\u0430\u0440\u0441\u0442\u0432\u0435\u043d\u043d\u044b\u0435 \u043f\u0440\u0435\u043f\u0430\u0440\u0430\u0442\u044b OTC\",\"item\":\"https:\\\/\\\/herbapol.poznan.pl\\\/ru\\\/\u043a\u0430\u0442\u0435\u0433\u043e\u0440\u0438\u044f-\u043f\u0440\u043e\u0434\u0443\u043a\u0442\u0430\\\/%d0%bb%d0%b5%d0%ba%d0%b0%d1%80%d1%81%d1%82%d0%b2%d0%b5%d0%bd%d0%bd%d1%8b%d0%b5-%d0%bf%d1%80%d0%b5%d0%bf%d0%b0%d1%80%d0%b0%d1%82%d1%8b-otc\\\/\"},{\"@type\":\"ListItem\",\"position\":4,\"name\":\"Leki na odporno\u015b\u0107 i przezi\u0119bienie\",\"item\":\"https:\\\/\\\/herbapol.poznan.pl\\\/kategoria-produktu\\\/leki-bez-recepty-otc\\\/leki-na-odpornosc-i-przeziebienie\\\/\"},{\"@type\":\"ListItem\",\"position\":5,\"name\":\"Alliofil\u00ae\"}]},{\"@type\":\"WebSite\",\"@id\":\"https:\\\/\\\/herbapol.poznan.pl\\\/#website\",\"url\":\"https:\\\/\\\/herbapol.poznan.pl\\\/\",\"name\":\"Herbapol Pozna\u0144\",\"description\":\"\",\"publisher\":{\"@id\":\"https:\\\/\\\/herbapol.poznan.pl\\\/#organization\"},\"potentialAction\":[{\"@type\":\"SearchAction\",\"target\":{\"@type\":\"EntryPoint\",\"urlTemplate\":\"https:\\\/\\\/herbapol.poznan.pl\\\/?s={search_term_string}\"},\"query-input\":{\"@type\":\"PropertyValueSpecification\",\"valueRequired\":true,\"valueName\":\"search_term_string\"}}],\"inLanguage\":\"ru-RU\"},{\"@type\":\"Organization\",\"@id\":\"https:\\\/\\\/herbapol.poznan.pl\\\/#organization\",\"name\":\"Herbapol Pozna\u0144\",\"url\":\"https:\\\/\\\/herbapol.poznan.pl\\\/\",\"logo\":{\"@type\":\"ImageObject\",\"inLanguage\":\"ru-RU\",\"@id\":\"https:\\\/\\\/herbapol.poznan.pl\\\/#\\\/schema\\\/logo\\\/image\\\/\",\"url\":\"\",\"contentUrl\":\"\",\"caption\":\"Herbapol Pozna\u0144\"},\"image\":{\"@id\":\"https:\\\/\\\/herbapol.poznan.pl\\\/#\\\/schema\\\/logo\\\/image\\\/\"}}]}<\/script>\n<!-- \/ Yoast SEO plugin. -->","yoast_head_json":{"title":"Alliofil\u00ae - Herbapol Pozna\u0144","robots":{"index":"index","follow":"follow","max-snippet":"max-snippet:-1","max-image-preview":"max-image-preview:large","max-video-preview":"max-video-preview:-1"},"canonical":"https:\/\/herbapol.poznan.pl\/ru\/\u043f\u0440\u043e\u0434\u0443\u043a\u0442\/alliofil\/","og_locale":"ru_RU","og_type":"article","og_title":"Alliofil\u00ae - Herbapol Pozna\u0144","og_description":"\u041f\u0440\u0435\u043f\u0430\u0440\u0430\u0442 \u043d\u0430 \u043e\u0441\u043d\u043e\u0432\u0435 \u0447\u0435\u0441\u043d\u043e\u043a\u0430 \u0438\u0441\u043f\u043e\u043b\u044c\u0437\u0443\u0435\u0442\u0441\u044f \u043a\u0430\u043a \u043f\u0440\u043e\u0444\u0438\u043b\u0430\u043a\u0442\u0438\u0447\u0435\u0441\u043a\u043e\u0435 \u0438 \u043f\u043e\u0434\u0434\u0435\u0440\u0436\u0438\u0432\u0430\u044e\u0449\u0435\u0435 \u0441\u0440\u0435\u0434\u0441\u0442\u0432\u043e \u043f\u0440\u0438 \u043f\u0440\u043e\u0441\u0442\u0443\u0434\u0435 \u0438 \u0438\u043d\u0444\u0435\u043a\u0446\u0438\u044f\u0445 \u0432\u0435\u0440\u0445\u043d\u0438\u0445 \u0434\u044b\u0445\u0430\u0442\u0435\u043b\u044c\u043d\u044b\u0445 \u043f\u0443\u0442\u0435\u0439.","og_url":"https:\/\/herbapol.poznan.pl\/ru\/\u043f\u0440\u043e\u0434\u0443\u043a\u0442\/alliofil\/","og_site_name":"Herbapol Pozna\u0144","article_modified_time":"2025-10-08T13:00:24+00:00","og_image":[{"width":555,"height":430,"url":"https:\/\/herbapol.poznan.pl\/wp-content\/uploads\/2022\/11\/alliofil-555x430-e22.jpg","type":"image\/jpeg"}],"twitter_card":"summary_large_image","schema":{"@context":"https:\/\/schema.org","@graph":[{"@type":"WebPage","@id":"https:\/\/herbapol.poznan.pl\/ru\/\u043f\u0440\u043e\u0434\u0443\u043a\u0442\/alliofil\/","url":"https:\/\/herbapol.poznan.pl\/ru\/\u043f\u0440\u043e\u0434\u0443\u043a\u0442\/alliofil\/","name":"Alliofil\u00ae - Herbapol Pozna\u0144","isPartOf":{"@id":"https:\/\/herbapol.poznan.pl\/#website"},"primaryImageOfPage":{"@id":"https:\/\/herbapol.poznan.pl\/ru\/\u043f\u0440\u043e\u0434\u0443\u043a\u0442\/alliofil\/#primaryimage"},"image":{"@id":"https:\/\/herbapol.poznan.pl\/ru\/\u043f\u0440\u043e\u0434\u0443\u043a\u0442\/alliofil\/#primaryimage"},"thumbnailUrl":"https:\/\/herbapol.poznan.pl\/wp-content\/uploads\/2022\/11\/alliofil-555x430-e22.jpg","datePublished":"2022-11-24T14:03:43+00:00","dateModified":"2025-10-08T13:00:24+00:00","breadcrumb":{"@id":"https:\/\/herbapol.poznan.pl\/ru\/\u043f\u0440\u043e\u0434\u0443\u043a\u0442\/alliofil\/#breadcrumb"},"inLanguage":"ru-RU","potentialAction":[{"@type":"ReadAction","target":["https:\/\/herbapol.poznan.pl\/ru\/\u043f\u0440\u043e\u0434\u0443\u043a\u0442\/alliofil\/"]}]},{"@type":"ImageObject","inLanguage":"ru-RU","@id":"https:\/\/herbapol.poznan.pl\/ru\/\u043f\u0440\u043e\u0434\u0443\u043a\u0442\/alliofil\/#primaryimage","url":"https:\/\/herbapol.poznan.pl\/wp-content\/uploads\/2022\/11\/alliofil-555x430-e22.jpg","contentUrl":"https:\/\/herbapol.poznan.pl\/wp-content\/uploads\/2022\/11\/alliofil-555x430-e22.jpg","width":555,"height":430,"caption":"alliofil tabletka dojelitowa"},{"@type":"BreadcrumbList","@id":"https:\/\/herbapol.poznan.pl\/ru\/\u043f\u0440\u043e\u0434\u0443\u043a\u0442\/alliofil\/#breadcrumb","itemListElement":[{"@type":"ListItem","position":1,"name":"Strona g\u0142\u00f3wna","item":"https:\/\/herbapol.poznan.pl\/ru\/"},{"@type":"ListItem","position":2,"name":"\u041f\u0440\u043e\u0434\u0443\u043a\u0446\u0438\u044f","item":"https:\/\/herbapol.poznan.pl\/%d0%bf%d1%80%d0%be%d0%b4%d1%83%d0%ba%d1%86%d0%b8%d1%8f\/?lang=ru"},{"@type":"ListItem","position":3,"name":"\u041b\u0435\u043a\u0430\u0440\u0441\u0442\u0432\u0435\u043d\u043d\u044b\u0435 \u043f\u0440\u0435\u043f\u0430\u0440\u0430\u0442\u044b OTC","item":"https:\/\/herbapol.poznan.pl\/ru\/\u043a\u0430\u0442\u0435\u0433\u043e\u0440\u0438\u044f-\u043f\u0440\u043e\u0434\u0443\u043a\u0442\u0430\/%d0%bb%d0%b5%d0%ba%d0%b0%d1%80%d1%81%d1%82%d0%b2%d0%b5%d0%bd%d0%bd%d1%8b%d0%b5-%d0%bf%d1%80%d0%b5%d0%bf%d0%b0%d1%80%d0%b0%d1%82%d1%8b-otc\/"},{"@type":"ListItem","position":4,"name":"Leki na odporno\u015b\u0107 i przezi\u0119bienie","item":"https:\/\/herbapol.poznan.pl\/kategoria-produktu\/leki-bez-recepty-otc\/leki-na-odpornosc-i-przeziebienie\/"},{"@type":"ListItem","position":5,"name":"Alliofil\u00ae"}]},{"@type":"WebSite","@id":"https:\/\/herbapol.poznan.pl\/#website","url":"https:\/\/herbapol.poznan.pl\/","name":"Herbapol Pozna\u0144","description":"","publisher":{"@id":"https:\/\/herbapol.poznan.pl\/#organization"},"potentialAction":[{"@type":"SearchAction","target":{"@type":"EntryPoint","urlTemplate":"https:\/\/herbapol.poznan.pl\/?s={search_term_string}"},"query-input":{"@type":"PropertyValueSpecification","valueRequired":true,"valueName":"search_term_string"}}],"inLanguage":"ru-RU"},{"@type":"Organization","@id":"https:\/\/herbapol.poznan.pl\/#organization","name":"Herbapol Pozna\u0144","url":"https:\/\/herbapol.poznan.pl\/","logo":{"@type":"ImageObject","inLanguage":"ru-RU","@id":"https:\/\/herbapol.poznan.pl\/#\/schema\/logo\/image\/","url":"","contentUrl":"","caption":"Herbapol Pozna\u0144"},"image":{"@id":"https:\/\/herbapol.poznan.pl\/#\/schema\/logo\/image\/"}}]}},"_links":{"self":[{"href":"https:\/\/herbapol.poznan.pl\/ru\/wp-json\/wp\/v2\/product\/16153","targetHints":{"allow":["GET"]}}],"collection":[{"href":"https:\/\/herbapol.poznan.pl\/ru\/wp-json\/wp\/v2\/product"}],"about":[{"href":"https:\/\/herbapol.poznan.pl\/ru\/wp-json\/wp\/v2\/types\/product"}],"replies":[{"embeddable":true,"href":"https:\/\/herbapol.poznan.pl\/ru\/wp-json\/wp\/v2\/comments?post=16153"}],"version-history":[{"count":1,"href":"https:\/\/herbapol.poznan.pl\/ru\/wp-json\/wp\/v2\/product\/16153\/revisions"}],"predecessor-version":[{"id":16204,"href":"https:\/\/herbapol.poznan.pl\/ru\/wp-json\/wp\/v2\/product\/16153\/revisions\/16204"}],"wp:featuredmedia":[{"embeddable":true,"href":"https:\/\/herbapol.poznan.pl\/ru\/wp-json\/wp\/v2\/media\/6141"}],"wp:attachment":[{"href":"https:\/\/herbapol.poznan.pl\/ru\/wp-json\/wp\/v2\/media?parent=16153"}],"wp:term":[{"taxonomy":"product_brand","embeddable":true,"href":"https:\/\/herbapol.poznan.pl\/ru\/wp-json\/wp\/v2\/product_brand?post=16153"},{"taxonomy":"product_cat","embeddable":true,"href":"https:\/\/herbapol.poznan.pl\/ru\/wp-json\/wp\/v2\/product_cat?post=16153"},{"taxonomy":"product_tag","embeddable":true,"href":"https:\/\/herbapol.poznan.pl\/ru\/wp-json\/wp\/v2\/product_tag?post=16153"}],"curies":[{"name":"wp","href":"https:\/\/api.w.org\/{rel}","templated":true}]}}