{"id":16126,"date":"2022-11-25T09:27:26","date_gmt":"2022-11-25T08:27:26","guid":{"rendered":"https:\/\/herbapol.poznan.pl\/produkt\/mucosit-dent\/"},"modified":"2026-02-18T10:41:43","modified_gmt":"2026-02-18T09:41:43","slug":"mucodent-cold","status":"publish","type":"product","link":"https:\/\/herbapol.poznan.pl\/ru\/\u043f\u0440\u043e\u0434\u0443\u043a\u0442\/mucodent-cold\/","title":{"rendered":"Mucodent\u00ae Cold"},"content":{"rendered":"","protected":false},"excerpt":{"rendered":"<p><span style=\"text-decoration: underline;\"><strong><span data-teams=\"true\">\u0420\u0430\u043d\u0435\u0435<\/span> Mucosit dent<\/strong><\/span><\/p>\n<p><b data-olk-copy-source=\"MessageBody\">Mucodent\u00ae Cold <\/b>&#8212; \u044d\u0442\u043e \u0437\u0430\u0449\u0438\u0442\u043d\u044b\u0439 \u0438 \u0443\u0441\u043f\u043e\u043a\u0430\u0438\u0432\u0430\u044e\u0449\u0438\u0439 \u0433\u0435\u043b\u044c \u0434\u043b\u044f \u0443\u0445\u043e\u0434\u0430 \u0437\u0430 \u043f\u043e\u043b\u043e\u0441\u0442\u044c\u044e \u0440\u0442\u0430 \u0438 \u0434\u0435\u0441\u043d\u0430\u043c\u0438. Chroni przed podra\u017cnieniami, otarciami spowodowanymi przez protezy. Regeneruje delikatn\u0105 i wra\u017cliw\u0105 \u015bluz\u00f3wk\u0119. Koi i \u0142agodzi podra\u017cnienia i otarcia, nawil\u017ca i uelastycznia.   <\/p>\n<p>\u041c\u044f\u0433\u043a\u0430\u044f \u0444\u043e\u0440\u043c\u0443\u043b\u0430 \u0433\u0435\u043b\u044f <b>Mucodent\u00ae Cold <\/b>\u0441\u043e\u0434\u0435\u0440\u0436\u0438\u0442 \u0443\u0441\u043f\u043e\u043a\u0430\u0438\u0432\u0430\u044e\u0449\u0438\u0435 \u044d\u043a\u0441\u0442\u0440\u0430\u043a\u0442\u044b \u0440\u043e\u043c\u0430\u0448\u043a\u0438, \u043b\u0430\u043f\u0447\u0430\u0442\u043a\u0438, \u0448\u0430\u043b\u0444\u0435\u044f \u0438 \u0442\u0438\u043c\u044c\u044f\u043d\u0430, \u0432\u044f\u0436\u0443\u0449\u0438\u0439 \u044d\u043a\u0441\u0442\u0440\u0430\u043a\u0442 \u043a\u043e\u0440\u044b \u0434\u0443\u0431\u0430, \u0440\u0435\u0433\u0435\u043d\u0435\u0440\u0438\u0440\u0443\u044e\u0449\u0438\u0439 \u044d\u043a\u0441\u0442\u0440\u0430\u043a\u0442 \u0446\u0432\u0435\u0442\u043a\u043e\u0432 \u043a\u0430\u043b\u0435\u043d\u0434\u0443\u043b\u044b. Wyci\u0105gi te dzia\u0142aj\u0105 przeciwbakteryjnie oraz wspomagaj\u0105 proces regeneracji sk\u00f3ry. Alantoina wykazuje silne dzia\u0142anie koj\u0105ce \u2013 \u0142agodzi podra\u017cnienia i mikrourazy \u015bluz\u00f3wki. Olejek rumiankowy i mi\u0119towy daj\u0105 przyjemne uczucie \u015bwie\u017co\u015bci.   <\/p>\n","protected":false},"featured_media":16983,"comment_status":"open","ping_status":"closed","template":"","meta":[],"product_brand":[],"product_cat":[180,177],"product_tag":[205],"class_list":{"0":"post-16126","1":"product","2":"type-product","3":"status-publish","4":"has-post-thumbnail","6":"product_cat-180","7":"product_cat-177","8":"product_tag-205","10":"first","11":"instock","12":"shipping-taxable","13":"product-type-simple"},"yoast_head":"<!-- This site is optimized with the Yoast SEO plugin v27.3 - https:\/\/yoast.com\/product\/yoast-seo-wordpress\/ -->\n<title>Mucodent\u00ae Cold - Herbapol Pozna\u0144<\/title>\n<meta name=\"robots\" content=\"index, follow, max-snippet:-1, max-image-preview:large, max-video-preview:-1\" \/>\n<link rel=\"canonical\" href=\"https:\/\/herbapol.poznan.pl\/ru\/\u043f\u0440\u043e\u0434\u0443\u043a\u0442\/mucodent-cold\/\" \/>\n<meta property=\"og:locale\" content=\"ru_RU\" \/>\n<meta property=\"og:type\" content=\"article\" \/>\n<meta property=\"og:title\" content=\"Mucodent\u00ae Cold - Herbapol Pozna\u0144\" \/>\n<meta property=\"og:description\" content=\"\u0420\u0430\u043d\u0435\u0435 Mucosit dent Mucodent\u00ae Cold - \u044d\u0442\u043e \u0437\u0430\u0449\u0438\u0442\u043d\u044b\u0439 \u0438 \u0443\u0441\u043f\u043e\u043a\u0430\u0438\u0432\u0430\u044e\u0449\u0438\u0439 \u0433\u0435\u043b\u044c \u0434\u043b\u044f \u0443\u0445\u043e\u0434\u0430 \u0437\u0430 \u043f\u043e\u043b\u043e\u0441\u0442\u044c\u044e \u0440\u0442\u0430 \u0438 \u0434\u0435\u0441\u043d\u0430\u043c\u0438. Chroni przed podra\u017cnieniami, otarciami spowodowanymi przez protezy. Regeneruje delikatn\u0105 i wra\u017cliw\u0105 \u015bluz\u00f3wk\u0119. Koi i \u0142agodzi podra\u017cnienia i otarcia, nawil\u017ca i uelastycznia.   \u041c\u044f\u0433\u043a\u0430\u044f \u0444\u043e\u0440\u043c\u0443\u043b\u0430 \u0433\u0435\u043b\u044f Mucodent\u00ae Cold \u0441\u043e\u0434\u0435\u0440\u0436\u0438\u0442 \u0443\u0441\u043f\u043e\u043a\u0430\u0438\u0432\u0430\u044e\u0449\u0438\u0435 \u044d\u043a\u0441\u0442\u0440\u0430\u043a\u0442\u044b \u0440\u043e\u043c\u0430\u0448\u043a\u0438, \u043b\u0430\u043f\u0447\u0430\u0442\u043a\u0438, \u0448\u0430\u043b\u0444\u0435\u044f \u0438 \u0442\u0438\u043c\u044c\u044f\u043d\u0430, \u0432\u044f\u0436\u0443\u0449\u0438\u0439 \u044d\u043a\u0441\u0442\u0440\u0430\u043a\u0442 \u043a\u043e\u0440\u044b \u0434\u0443\u0431\u0430, \u0440\u0435\u0433\u0435\u043d\u0435\u0440\u0438\u0440\u0443\u044e\u0449\u0438\u0439 \u044d\u043a\u0441\u0442\u0440\u0430\u043a\u0442 \u0446\u0432\u0435\u0442\u043a\u043e\u0432 \u043a\u0430\u043b\u0435\u043d\u0434\u0443\u043b\u044b. Wyci\u0105gi te dzia\u0142aj\u0105 przeciwbakteryjnie oraz wspomagaj\u0105 proces regeneracji sk\u00f3ry. Alantoina wykazuje silne dzia\u0142anie koj\u0105ce \u2013 \u0142agodzi podra\u017cnienia i mikrourazy \u015bluz\u00f3wki. Olejek rumiankowy i mi\u0119towy daj\u0105 przyjemne uczucie \u015bwie\u017co\u015bci.\" \/>\n<meta property=\"og:url\" content=\"https:\/\/herbapol.poznan.pl\/ru\/\u043f\u0440\u043e\u0434\u0443\u043a\u0442\/mucodent-cold\/\" \/>\n<meta property=\"og:site_name\" content=\"Herbapol Pozna\u0144\" \/>\n<meta property=\"article:modified_time\" content=\"2026-02-18T09:41:43+00:00\" \/>\n<meta property=\"og:image\" content=\"https:\/\/herbapol.poznan.pl\/wp-content\/uploads\/2022\/11\/Mucodent_cold.png\" \/>\n\t<meta property=\"og:image:width\" content=\"2000\" \/>\n\t<meta property=\"og:image:height\" content=\"2000\" \/>\n\t<meta property=\"og:image:type\" content=\"image\/png\" \/>\n<meta name=\"twitter:card\" content=\"summary_large_image\" \/>\n<script type=\"application\/ld+json\" class=\"yoast-schema-graph\">{\"@context\":\"https:\\\/\\\/schema.org\",\"@graph\":[{\"@type\":\"WebPage\",\"@id\":\"https:\\\/\\\/herbapol.poznan.pl\\\/ru\\\/\u043f\u0440\u043e\u0434\u0443\u043a\u0442\\\/mucodent-cold\\\/\",\"url\":\"https:\\\/\\\/herbapol.poznan.pl\\\/ru\\\/\u043f\u0440\u043e\u0434\u0443\u043a\u0442\\\/mucodent-cold\\\/\",\"name\":\"Mucodent\u00ae Cold - Herbapol Pozna\u0144\",\"isPartOf\":{\"@id\":\"https:\\\/\\\/herbapol.poznan.pl\\\/#website\"},\"primaryImageOfPage\":{\"@id\":\"https:\\\/\\\/herbapol.poznan.pl\\\/ru\\\/\u043f\u0440\u043e\u0434\u0443\u043a\u0442\\\/mucodent-cold\\\/#primaryimage\"},\"image\":{\"@id\":\"https:\\\/\\\/herbapol.poznan.pl\\\/ru\\\/\u043f\u0440\u043e\u0434\u0443\u043a\u0442\\\/mucodent-cold\\\/#primaryimage\"},\"thumbnailUrl\":\"https:\\\/\\\/herbapol.poznan.pl\\\/wp-content\\\/uploads\\\/2022\\\/11\\\/Mucodent_cold.png\",\"datePublished\":\"2022-11-25T08:27:26+00:00\",\"dateModified\":\"2026-02-18T09:41:43+00:00\",\"breadcrumb\":{\"@id\":\"https:\\\/\\\/herbapol.poznan.pl\\\/ru\\\/\u043f\u0440\u043e\u0434\u0443\u043a\u0442\\\/mucodent-cold\\\/#breadcrumb\"},\"inLanguage\":\"ru-RU\",\"potentialAction\":[{\"@type\":\"ReadAction\",\"target\":[\"https:\\\/\\\/herbapol.poznan.pl\\\/ru\\\/\u043f\u0440\u043e\u0434\u0443\u043a\u0442\\\/mucodent-cold\\\/\"]}]},{\"@type\":\"ImageObject\",\"inLanguage\":\"ru-RU\",\"@id\":\"https:\\\/\\\/herbapol.poznan.pl\\\/ru\\\/\u043f\u0440\u043e\u0434\u0443\u043a\u0442\\\/mucodent-cold\\\/#primaryimage\",\"url\":\"https:\\\/\\\/herbapol.poznan.pl\\\/wp-content\\\/uploads\\\/2022\\\/11\\\/Mucodent_cold.png\",\"contentUrl\":\"https:\\\/\\\/herbapol.poznan.pl\\\/wp-content\\\/uploads\\\/2022\\\/11\\\/Mucodent_cold.png\",\"width\":2000,\"height\":2000},{\"@type\":\"BreadcrumbList\",\"@id\":\"https:\\\/\\\/herbapol.poznan.pl\\\/ru\\\/\u043f\u0440\u043e\u0434\u0443\u043a\u0442\\\/mucodent-cold\\\/#breadcrumb\",\"itemListElement\":[{\"@type\":\"ListItem\",\"position\":1,\"name\":\"Strona g\u0142\u00f3wna\",\"item\":\"https:\\\/\\\/herbapol.poznan.pl\\\/ru\\\/\"},{\"@type\":\"ListItem\",\"position\":2,\"name\":\"\u041f\u0440\u043e\u0434\u0443\u043a\u0446\u0438\u044f\",\"item\":\"https:\\\/\\\/herbapol.poznan.pl\\\/%d0%bf%d1%80%d0%be%d0%b4%d1%83%d0%ba%d1%86%d0%b8%d1%8f\\\/?lang=ru\"},{\"@type\":\"ListItem\",\"position\":3,\"name\":\"Kosmetyki\",\"item\":\"https:\\\/\\\/herbapol.poznan.pl\\\/kategoria-produktu\\\/kosmetyki\\\/\"},{\"@type\":\"ListItem\",\"position\":4,\"name\":\"Mucodent\u00ae Cold\"}]},{\"@type\":\"WebSite\",\"@id\":\"https:\\\/\\\/herbapol.poznan.pl\\\/#website\",\"url\":\"https:\\\/\\\/herbapol.poznan.pl\\\/\",\"name\":\"Herbapol Pozna\u0144\",\"description\":\"\",\"publisher\":{\"@id\":\"https:\\\/\\\/herbapol.poznan.pl\\\/#organization\"},\"potentialAction\":[{\"@type\":\"SearchAction\",\"target\":{\"@type\":\"EntryPoint\",\"urlTemplate\":\"https:\\\/\\\/herbapol.poznan.pl\\\/?s={search_term_string}\"},\"query-input\":{\"@type\":\"PropertyValueSpecification\",\"valueRequired\":true,\"valueName\":\"search_term_string\"}}],\"inLanguage\":\"ru-RU\"},{\"@type\":\"Organization\",\"@id\":\"https:\\\/\\\/herbapol.poznan.pl\\\/#organization\",\"name\":\"Herbapol Pozna\u0144\",\"url\":\"https:\\\/\\\/herbapol.poznan.pl\\\/\",\"logo\":{\"@type\":\"ImageObject\",\"inLanguage\":\"ru-RU\",\"@id\":\"https:\\\/\\\/herbapol.poznan.pl\\\/#\\\/schema\\\/logo\\\/image\\\/\",\"url\":\"\",\"contentUrl\":\"\",\"caption\":\"Herbapol Pozna\u0144\"},\"image\":{\"@id\":\"https:\\\/\\\/herbapol.poznan.pl\\\/#\\\/schema\\\/logo\\\/image\\\/\"}}]}<\/script>\n<!-- \/ Yoast SEO plugin. -->","yoast_head_json":{"title":"Mucodent\u00ae Cold - Herbapol Pozna\u0144","robots":{"index":"index","follow":"follow","max-snippet":"max-snippet:-1","max-image-preview":"max-image-preview:large","max-video-preview":"max-video-preview:-1"},"canonical":"https:\/\/herbapol.poznan.pl\/ru\/\u043f\u0440\u043e\u0434\u0443\u043a\u0442\/mucodent-cold\/","og_locale":"ru_RU","og_type":"article","og_title":"Mucodent\u00ae Cold - Herbapol Pozna\u0144","og_description":"\u0420\u0430\u043d\u0435\u0435 Mucosit dent Mucodent\u00ae Cold - \u044d\u0442\u043e \u0437\u0430\u0449\u0438\u0442\u043d\u044b\u0439 \u0438 \u0443\u0441\u043f\u043e\u043a\u0430\u0438\u0432\u0430\u044e\u0449\u0438\u0439 \u0433\u0435\u043b\u044c \u0434\u043b\u044f \u0443\u0445\u043e\u0434\u0430 \u0437\u0430 \u043f\u043e\u043b\u043e\u0441\u0442\u044c\u044e \u0440\u0442\u0430 \u0438 \u0434\u0435\u0441\u043d\u0430\u043c\u0438. Chroni przed podra\u017cnieniami, otarciami spowodowanymi przez protezy. Regeneruje delikatn\u0105 i wra\u017cliw\u0105 \u015bluz\u00f3wk\u0119. Koi i \u0142agodzi podra\u017cnienia i otarcia, nawil\u017ca i uelastycznia.   \u041c\u044f\u0433\u043a\u0430\u044f \u0444\u043e\u0440\u043c\u0443\u043b\u0430 \u0433\u0435\u043b\u044f Mucodent\u00ae Cold \u0441\u043e\u0434\u0435\u0440\u0436\u0438\u0442 \u0443\u0441\u043f\u043e\u043a\u0430\u0438\u0432\u0430\u044e\u0449\u0438\u0435 \u044d\u043a\u0441\u0442\u0440\u0430\u043a\u0442\u044b \u0440\u043e\u043c\u0430\u0448\u043a\u0438, \u043b\u0430\u043f\u0447\u0430\u0442\u043a\u0438, \u0448\u0430\u043b\u0444\u0435\u044f \u0438 \u0442\u0438\u043c\u044c\u044f\u043d\u0430, \u0432\u044f\u0436\u0443\u0449\u0438\u0439 \u044d\u043a\u0441\u0442\u0440\u0430\u043a\u0442 \u043a\u043e\u0440\u044b \u0434\u0443\u0431\u0430, \u0440\u0435\u0433\u0435\u043d\u0435\u0440\u0438\u0440\u0443\u044e\u0449\u0438\u0439 \u044d\u043a\u0441\u0442\u0440\u0430\u043a\u0442 \u0446\u0432\u0435\u0442\u043a\u043e\u0432 \u043a\u0430\u043b\u0435\u043d\u0434\u0443\u043b\u044b. Wyci\u0105gi te dzia\u0142aj\u0105 przeciwbakteryjnie oraz wspomagaj\u0105 proces regeneracji sk\u00f3ry. Alantoina wykazuje silne dzia\u0142anie koj\u0105ce \u2013 \u0142agodzi podra\u017cnienia i mikrourazy \u015bluz\u00f3wki. Olejek rumiankowy i mi\u0119towy daj\u0105 przyjemne uczucie \u015bwie\u017co\u015bci.","og_url":"https:\/\/herbapol.poznan.pl\/ru\/\u043f\u0440\u043e\u0434\u0443\u043a\u0442\/mucodent-cold\/","og_site_name":"Herbapol Pozna\u0144","article_modified_time":"2026-02-18T09:41:43+00:00","og_image":[{"width":2000,"height":2000,"url":"https:\/\/herbapol.poznan.pl\/wp-content\/uploads\/2022\/11\/Mucodent_cold.png","type":"image\/png"}],"twitter_card":"summary_large_image","schema":{"@context":"https:\/\/schema.org","@graph":[{"@type":"WebPage","@id":"https:\/\/herbapol.poznan.pl\/ru\/\u043f\u0440\u043e\u0434\u0443\u043a\u0442\/mucodent-cold\/","url":"https:\/\/herbapol.poznan.pl\/ru\/\u043f\u0440\u043e\u0434\u0443\u043a\u0442\/mucodent-cold\/","name":"Mucodent\u00ae Cold - Herbapol Pozna\u0144","isPartOf":{"@id":"https:\/\/herbapol.poznan.pl\/#website"},"primaryImageOfPage":{"@id":"https:\/\/herbapol.poznan.pl\/ru\/\u043f\u0440\u043e\u0434\u0443\u043a\u0442\/mucodent-cold\/#primaryimage"},"image":{"@id":"https:\/\/herbapol.poznan.pl\/ru\/\u043f\u0440\u043e\u0434\u0443\u043a\u0442\/mucodent-cold\/#primaryimage"},"thumbnailUrl":"https:\/\/herbapol.poznan.pl\/wp-content\/uploads\/2022\/11\/Mucodent_cold.png","datePublished":"2022-11-25T08:27:26+00:00","dateModified":"2026-02-18T09:41:43+00:00","breadcrumb":{"@id":"https:\/\/herbapol.poznan.pl\/ru\/\u043f\u0440\u043e\u0434\u0443\u043a\u0442\/mucodent-cold\/#breadcrumb"},"inLanguage":"ru-RU","potentialAction":[{"@type":"ReadAction","target":["https:\/\/herbapol.poznan.pl\/ru\/\u043f\u0440\u043e\u0434\u0443\u043a\u0442\/mucodent-cold\/"]}]},{"@type":"ImageObject","inLanguage":"ru-RU","@id":"https:\/\/herbapol.poznan.pl\/ru\/\u043f\u0440\u043e\u0434\u0443\u043a\u0442\/mucodent-cold\/#primaryimage","url":"https:\/\/herbapol.poznan.pl\/wp-content\/uploads\/2022\/11\/Mucodent_cold.png","contentUrl":"https:\/\/herbapol.poznan.pl\/wp-content\/uploads\/2022\/11\/Mucodent_cold.png","width":2000,"height":2000},{"@type":"BreadcrumbList","@id":"https:\/\/herbapol.poznan.pl\/ru\/\u043f\u0440\u043e\u0434\u0443\u043a\u0442\/mucodent-cold\/#breadcrumb","itemListElement":[{"@type":"ListItem","position":1,"name":"Strona g\u0142\u00f3wna","item":"https:\/\/herbapol.poznan.pl\/ru\/"},{"@type":"ListItem","position":2,"name":"\u041f\u0440\u043e\u0434\u0443\u043a\u0446\u0438\u044f","item":"https:\/\/herbapol.poznan.pl\/%d0%bf%d1%80%d0%be%d0%b4%d1%83%d0%ba%d1%86%d0%b8%d1%8f\/?lang=ru"},{"@type":"ListItem","position":3,"name":"Kosmetyki","item":"https:\/\/herbapol.poznan.pl\/kategoria-produktu\/kosmetyki\/"},{"@type":"ListItem","position":4,"name":"Mucodent\u00ae Cold"}]},{"@type":"WebSite","@id":"https:\/\/herbapol.poznan.pl\/#website","url":"https:\/\/herbapol.poznan.pl\/","name":"Herbapol Pozna\u0144","description":"","publisher":{"@id":"https:\/\/herbapol.poznan.pl\/#organization"},"potentialAction":[{"@type":"SearchAction","target":{"@type":"EntryPoint","urlTemplate":"https:\/\/herbapol.poznan.pl\/?s={search_term_string}"},"query-input":{"@type":"PropertyValueSpecification","valueRequired":true,"valueName":"search_term_string"}}],"inLanguage":"ru-RU"},{"@type":"Organization","@id":"https:\/\/herbapol.poznan.pl\/#organization","name":"Herbapol Pozna\u0144","url":"https:\/\/herbapol.poznan.pl\/","logo":{"@type":"ImageObject","inLanguage":"ru-RU","@id":"https:\/\/herbapol.poznan.pl\/#\/schema\/logo\/image\/","url":"","contentUrl":"","caption":"Herbapol Pozna\u0144"},"image":{"@id":"https:\/\/herbapol.poznan.pl\/#\/schema\/logo\/image\/"}}]}},"_links":{"self":[{"href":"https:\/\/herbapol.poznan.pl\/ru\/wp-json\/wp\/v2\/product\/16126","targetHints":{"allow":["GET"]}}],"collection":[{"href":"https:\/\/herbapol.poznan.pl\/ru\/wp-json\/wp\/v2\/product"}],"about":[{"href":"https:\/\/herbapol.poznan.pl\/ru\/wp-json\/wp\/v2\/types\/product"}],"replies":[{"embeddable":true,"href":"https:\/\/herbapol.poznan.pl\/ru\/wp-json\/wp\/v2\/comments?post=16126"}],"version-history":[{"count":7,"href":"https:\/\/herbapol.poznan.pl\/ru\/wp-json\/wp\/v2\/product\/16126\/revisions"}],"predecessor-version":[{"id":17348,"href":"https:\/\/herbapol.poznan.pl\/ru\/wp-json\/wp\/v2\/product\/16126\/revisions\/17348"}],"wp:featuredmedia":[{"embeddable":true,"href":"https:\/\/herbapol.poznan.pl\/ru\/wp-json\/wp\/v2\/media\/16983"}],"wp:attachment":[{"href":"https:\/\/herbapol.poznan.pl\/ru\/wp-json\/wp\/v2\/media?parent=16126"}],"wp:term":[{"taxonomy":"product_brand","embeddable":true,"href":"https:\/\/herbapol.poznan.pl\/ru\/wp-json\/wp\/v2\/product_brand?post=16126"},{"taxonomy":"product_cat","embeddable":true,"href":"https:\/\/herbapol.poznan.pl\/ru\/wp-json\/wp\/v2\/product_cat?post=16126"},{"taxonomy":"product_tag","embeddable":true,"href":"https:\/\/herbapol.poznan.pl\/ru\/wp-json\/wp\/v2\/product_tag?post=16126"}],"curies":[{"name":"wp","href":"https:\/\/api.w.org\/{rel}","templated":true}]}}